{"id":15706,"date":"2017-03-22T12:29:00","date_gmt":"2017-03-22T11:29:00","guid":{"rendered":"http:\/\/cadia.it\/vini\/?page_id=15706"},"modified":"2026-02-06T14:54:03","modified_gmt":"2026-02-06T13:54:03","slug":"nocciole","status":"publish","type":"page","link":"https:\/\/cadia.it\/vini\/nocciole\/","title":{"rendered":"Nocciole"},"content":{"rendered":"<p>[et_pb_section fb_built=&#8221;1&#8243; admin_label=&#8221;section&#8221; _builder_version=&#8221;4.16&#8243; global_colors_info=&#8221;{}&#8221;][et_pb_row admin_label=&#8221;row&#8221; _builder_version=&#8221;4.16&#8243; background_size=&#8221;initial&#8221; background_position=&#8221;top_left&#8221; background_repeat=&#8221;repeat&#8221; global_colors_info=&#8221;{}&#8221;][et_pb_column type=&#8221;4_4&#8243; _builder_version=&#8221;4.16&#8243; custom_padding=&#8221;|||&#8221; global_colors_info=&#8221;{}&#8221; custom_padding__hover=&#8221;|||&#8221;][et_pb_text admin_label=&#8221;Text&#8221; _builder_version=&#8221;4.16&#8243; background_size=&#8221;initial&#8221; background_position=&#8221;top_left&#8221; background_repeat=&#8221;repeat&#8221; global_colors_info=&#8221;{}&#8221;]<\/p>\n<h3 style=\"text-align: center;\"><span style=\"font-size: x-large;\"><strong>L<a href=\"https:\/\/cadia.it\/vini\/wp-content\/uploads\/2017\/03\/Nocciole-box.jpg\">e nocciole: u<\/a>n tesoro del nostro territorio<\/strong><\/span><\/h3>\n<p style=\"text-align: center;\">\n<p>Le nocciole sono uno dei tesori nascosti del nostro territorio, un prodotto che rappresenta solo il 2% della produzione mondiale, ma che si distingue per la sua qualit\u00e0 ineguagliabile. La nocciola Tonda Gentile Trilobata \u00e8 infatti riconosciuta come <strong>la migliore<\/strong> <strong>sul mercato<\/strong>, grazie al suo aroma intenso e al gusto persistente che la rendono unica.<\/p>\n<p><span style=\"font-size: large;\"><strong>La Nocciola Piemonte I.G.P.<\/strong><\/span><\/p>\n<p>Tra le varie tipologie di nocciole, spicca la Nocciola Piemonte I.G.P., simbolo di eccellenza. Questa prelibatezza \u00e8 rappresentata dalla variet\u00e0 Tonda Gentile Trilobata, coltivata nelle suggestive Langhe. Le Langhe, con il loro clima e terreno unici, offrono le condizioni ideali per lo sviluppo di questo piccolo gioiello della natura.<\/p>\n<p><span style=\"font-size: large;\"><strong>La Coltivazione nei nostri ettari<\/strong><\/span><\/p>\n<p>Nei nostri 6 ettari di noccioleti, coltiviamo con passione e dedizione un prodotto di alta qualit\u00e0. Le nostre nocciole sono perfette per arricchire sia ricette dolci che salate, donando un tocco di eleganza e sapore inconfondibile. La cura nella coltivazione e la selezione accurata garantiscono un frutto che non delude mai le aspettative.<\/p>\n<p><span style=\"font-size: large;\"><strong>Un Frutto di Storia e Tradizione<\/strong><\/span><\/p>\n<p>Le nocciole non sono solo un piacere per il palato, ma anche un frutto ricco di storia. Coltivate dall&#8217;uomo fin dai tempi pi\u00f9 remoti, venivano tradizionalmente donate per augurare felicit\u00e0 e prosperit\u00e0. Questa tradizione continua tutt&#8217;oggi, riflettendo l&#8217;importanza culturale e simbolica di questo frutto straordinario.<\/p>\n<p>Scopri le nocciole, un&#8217;autentica delizia del nostro territorio, e lasciati conquistare dal loro sapore unico e dalla loro storia affascinante. Perfette per chi cerca qualit\u00e0 e tradizione in un prodotto naturale e genuino.<\/p>\n<p><em><\/em><\/p>\n<p>&nbsp;<\/p>\n<div class=\"wonderplugingallery-container\" id=\"wonderplugingallery-container-5\" style=\"max-width:100%;margin:0 auto;\"><div class=\"wonderplugingallery\" id=\"wonderplugingallery-5\" data-galleryid=\"5\" data-width=\"640\" data-height=\"360\" data-skin=\"light\" data-playsinline=\"false\" data-mutevideo=\"false\" data-random=\"false\" data-autoslide=\"false\" data-autoplayvideo=\"false\" data-schemamarkup=\"false\" data-stopallplaying=\"false\" data-reloadonvideoend=\"false\" data-donotuseposter=\"false\" data-enabletabindex=\"false\" data-loadnextonvideoend=\"false\" data-hidetitlewhenvideoisplaying=\"false\" data-disablehovereventontouch=\"false\" data-autoslideandplayafterfirstplayed=\"false\" data-html5player=\"true\" data-responsive=\"true\" data-fullwidth=\"true\" data-showtitle=\"true\" data-showdescription=\"true\" data-showplaybutton=\"true\" data-showfullscreenbutton=\"true\" data-showtimer=\"true\" data-showcarousel=\"true\" data-galleryshadow=\"false\" data-slideshadow=\"true\" data-thumbshowtitle=\"false\" data-thumbshadow=\"true\" data-lightboxshowtitle=\"true\" data-lightboxshowdescription=\"true\" data-specifyid=\"true\" data-donotinit=\"false\" data-addinitscript=\"false\" data-triggerresize=\"false\" data-thumbcolumnsresponsive=\"false\" data-showimgtitle=\"false\" data-titlesmallscreen=\"false\" data-initsocial=\"true\" data-showsocial=\"false\" data-showemail=\"false\" data-showfacebook=\"true\" data-showtwitter=\"true\" data-showpinterest=\"true\" data-socialrotateeffect=\"true\" data-doshortcodeontext=\"false\" data-loop=\"0\" data-duration=\"1500\" data-slideduration=\"1000\" data-slideshowinterval=\"4000\" data-googleanalyticsaccount=\"\" data-resizemode=\"fill\" data-imagetoolboxmode=\"mouseover\" data-effect=\"fade\" data-padding=\"12\" data-bgcolor=\"\" data-bgimage=\"\" data-thumbwidth=\"48\" data-thumbheight=\"48\" data-thumbgap=\"8\" data-thumbrowgap=\"16\" data-lightboxtextheight=\"72\" data-lightboxtitlecss=\"{color:#333333; font:bold 12px Arial,Helvetica,sans-serif; overflow:hidden; white-space:normal; line-height:18px;}\" data-lightboxdescriptioncss=\"{color:#333333; font:normal 12px Arial,Helvetica,sans-serif; overflow:hidden; white-space:normal; line-height:14px;}\" data-titlecss=\"{color:#ffffff; font-size:14px; font-family:Armata, sans-serif, Arial; overflow:hidden; white-space:normal; text-align:left; padding:10px 0px 10px 10px;  background:rgb(102, 102, 102) transparent; background:rgba(102, 102, 102, 0.6);}\" data-descriptioncss=\"{color:#ffffff; font-size:12px; font-family:Armata, sans-serif, Arial; overflow:hidden; white-space:normal; text-align:left; padding:0px 0px 10px 10px;  background:rgb(102, 102, 102) transparent; background:rgba(102, 102, 102, 0.6);}\" data-titleheight=\"72\" data-titlesmallscreenwidth=\"640\" data-titleheightsmallscreen=\"148\" data-socialmode=\"mouseover\" data-socialposition=\"position:absolute;top:8px;right:8px;\" data-socialpositionlightbox=\"position:absolute;top:8px;right:8px;\" data-socialdirection=\"horizontal\" data-socialbuttonsize=\"32\" data-socialbuttonfontsize=\"18\" data-defaultvideovolume=\"1\" data-thumbtitleheight=\"24\" data-thumbmediumtitleheight=\"48\" data-thumbsmalltitleheight=\"72\" data-triggerresizedelay=\"100\" data-thumbmediumsize=\"800\" data-thumbsmallsize=\"480\" data-thumbmediumwidth=\"64\" data-thumbmediumheight=\"64\" data-thumbsmallwidth=\"48\" data-thumbsmallheight=\"48\" data-imgtitle=\"title\" data-jsfolder=\"https:\/\/cadia.it\/vini\/wp-content\/plugins\/wonderplugin-gallery\/engine\/\" style=\"display:none;\" ><a class=\"html5galleryimglink\" href=\"http:\/\/cadia.it\/vini\/wp-content\/uploads\/2020\/02\/Nocciole.jpg\" data-mediatype=1><img decoding=\"async\" class=\"html5galleryimg html5gallery-tn-image\" src=\"http:\/\/cadia.it\/vini\/wp-content\/uploads\/2020\/02\/Nocciole-150x150.jpg\" alt=\"Nocciole\"><\/a><div class=\"html5gallery-info\"><div class=\"html5gallery-title\">Nocciole<\/div><\/div><a class=\"html5galleryimglink\" href=\"http:\/\/cadia.it\/vini\/wp-content\/uploads\/2017\/04\/Filari-di-noccioli.jpg\" data-mediatype=1><img decoding=\"async\" class=\"html5galleryimg html5gallery-tn-image\" src=\"http:\/\/cadia.it\/vini\/wp-content\/uploads\/2017\/04\/Filari-di-noccioli-150x150.jpg\" alt=\"Filari di noccioli\"><\/a><div class=\"html5gallery-info\"><div class=\"html5gallery-title\">Filari di noccioli<\/div><\/div><a class=\"html5galleryimglink\" href=\"http:\/\/cadia.it\/vini\/wp-content\/uploads\/2018\/02\/nocciole.jpg\" data-mediatype=1><img decoding=\"async\" class=\"html5galleryimg html5gallery-tn-image\" src=\"http:\/\/cadia.it\/vini\/wp-content\/uploads\/2018\/02\/nocciole-150x150.jpg\" alt=\"nocciole 2018\"><\/a><div class=\"html5gallery-info\"><div class=\"html5gallery-title\">nocciole 2018<\/div><\/div><a class=\"html5galleryimglink\" href=\"http:\/\/cadia.it\/vini\/wp-content\/uploads\/2017\/04\/Noccioli-dinverno.jpg\" data-mediatype=1><img decoding=\"async\" class=\"html5galleryimg html5gallery-tn-image\" src=\"http:\/\/cadia.it\/vini\/wp-content\/uploads\/2017\/04\/Noccioli-dinverno-150x150.jpg\" alt=\"Noccioli d&#39;inverno\"><\/a><div class=\"html5gallery-info\"><div class=\"html5gallery-title\">Noccioli d&#039;inverno<\/div><\/div><a class=\"html5galleryimglink\" href=\"http:\/\/cadia.it\/vini\/wp-content\/uploads\/2017\/04\/Filari-in-inverno.jpg\" data-mediatype=1><img decoding=\"async\" class=\"html5galleryimg html5gallery-tn-image\" src=\"http:\/\/cadia.it\/vini\/wp-content\/uploads\/2017\/04\/Filari-in-inverno-150x150.jpg\" alt=\"Filari in inverno\"><\/a><div class=\"html5gallery-info\"><div class=\"html5gallery-title\">Filari in inverno<\/div><\/div><a class=\"html5galleryimglink\" href=\"http:\/\/cadia.it\/vini\/wp-content\/uploads\/2017\/04\/Passeggiata-tra-i-noccioli.jpg\" data-mediatype=1><img decoding=\"async\" class=\"html5galleryimg html5gallery-tn-image\" src=\"http:\/\/cadia.it\/vini\/wp-content\/uploads\/2017\/04\/Passeggiata-tra-i-noccioli-150x150.jpg\" alt=\"Passeggiata tra i noccioli\"><\/a><div class=\"html5gallery-info\"><div class=\"html5gallery-title\">Passeggiata tra i noccioli<\/div><\/div><a class=\"html5galleryimglink\" href=\"http:\/\/cadia.it\/vini\/wp-content\/uploads\/2017\/04\/Bosco-di-noccioli.jpg\" data-mediatype=1><img decoding=\"async\" class=\"html5galleryimg html5gallery-tn-image\" src=\"http:\/\/cadia.it\/vini\/wp-content\/uploads\/2017\/04\/Bosco-di-noccioli-150x150.jpg\" alt=\"Bosco di noccioli\"><\/a><div class=\"html5gallery-info\"><div class=\"html5gallery-title\">Bosco di noccioli<\/div><\/div><a class=\"html5galleryimglink\" href=\"http:\/\/cadia.it\/vini\/wp-content\/uploads\/2017\/04\/Nocciole-in-maturazione.jpg\" data-mediatype=1><img decoding=\"async\" class=\"html5galleryimg html5gallery-tn-image\" src=\"http:\/\/cadia.it\/vini\/wp-content\/uploads\/2017\/04\/Nocciole-in-maturazione-150x150.jpg\" alt=\"Nocciole in maturazione\"><\/a><div class=\"html5gallery-info\"><div class=\"html5gallery-title\">Nocciole in maturazione<\/div><\/div><a class=\"html5galleryimglink\" href=\"http:\/\/cadia.it\/vini\/wp-content\/uploads\/2017\/04\/Fase-di-raccolta.jpg\" data-mediatype=1><img decoding=\"async\" class=\"html5galleryimg html5gallery-tn-image\" src=\"http:\/\/cadia.it\/vini\/wp-content\/uploads\/2017\/04\/Fase-di-raccolta-150x150.jpg\" alt=\"Fase di raccolta\"><\/a><div class=\"html5gallery-info\"><div class=\"html5gallery-title\">Fase di raccolta<\/div><\/div><a class=\"html5galleryimglink\" href=\"http:\/\/cadia.it\/vini\/wp-content\/uploads\/2017\/04\/nocciole-appena-raccolte.jpg\" data-mediatype=1><img decoding=\"async\" class=\"html5galleryimg html5gallery-tn-image\" src=\"http:\/\/cadia.it\/vini\/wp-content\/uploads\/2017\/04\/nocciole-appena-raccolte-150x150.jpg\" alt=\"Nocciole appena raccolte\"><\/a><div class=\"html5gallery-info\"><div class=\"html5gallery-title\">Nocciole appena raccolte<\/div><\/div><a class=\"html5galleryimglink\" href=\"http:\/\/cadia.it\/vini\/wp-content\/uploads\/2017\/04\/Le-famose-nocciole-delle-Langhe.jpg\" data-mediatype=1><img decoding=\"async\" class=\"html5galleryimg html5gallery-tn-image\" src=\"http:\/\/cadia.it\/vini\/wp-content\/uploads\/2017\/04\/Le-famose-nocciole-delle-Langhe-150x150.jpg\" alt=\"Le squisite nocciole delle Langhe\"><\/a><div class=\"html5gallery-info\"><div class=\"html5gallery-title\">Le squisite nocciole delle Langhe<\/div><\/div><a class=\"html5galleryimglink\" href=\"http:\/\/cadia.it\/vini\/wp-content\/uploads\/2017\/04\/Nocciole-Cadia-web.jpg\" data-mediatype=1><img decoding=\"async\" class=\"html5galleryimg html5gallery-tn-image\" src=\"http:\/\/cadia.it\/vini\/wp-content\/uploads\/2017\/04\/Nocciole-Cadia-web-150x150.jpg\" alt=\"Nocciole Cadia\"><\/a><div class=\"html5gallery-info\"><div class=\"html5gallery-title\">Nocciole Cadia<\/div><\/div><\/div><\/div>\n<p>[\/et_pb_text][\/et_pb_column][\/et_pb_row][\/et_pb_section]<\/p>\n","protected":false},"excerpt":{"rendered":"<p>Le nocciole: un tesoro del nostro territorio Le nocciole sono uno dei tesori nascosti del nostro territorio, un prodotto che rappresenta solo il 2% della produzione mondiale, ma che si distingue per la sua qualit\u00e0 ineguagliabile. La nocciola Tonda Gentile Trilobata \u00e8 infatti riconosciuta come la migliore sul mercato, grazie al suo aroma intenso e [&hellip;]<\/p>\n","protected":false},"author":3,"featured_media":0,"parent":0,"menu_order":0,"comment_status":"closed","ping_status":"closed","template":"","meta":{"_et_pb_use_builder":"on","_et_pb_old_content":"<h3><em><a href=\"http:\/\/cadia.it\/vini\/wp-content\/uploads\/2017\/03\/Nocciole-box.jpg\"><img class=\"alignright wp-image-15749 size-full\" src=\"http:\/\/cadia.it\/vini\/wp-content\/uploads\/2017\/03\/Nocciole-box.jpg\" alt=\"\" width=\"306\" height=\"204\" \/><\/a>La nocciola, un\u2019altra prelibatezza del nostro territorio, rappresenta il 2 % della produzione mondiale, ma \u00e8 riconosciuta come la qualit\u00e0 migliore esistente sul mercato grazie al suo aroma intenso e il gusto persistente.<\/em><\/h3>\r\nCome un piccolo gioiello nascosto, la nocciola Piemonte I.G.P. Indica la variet\u00e0 di nocciola Tonda Gentile Trilobata coltivata nelle Langhe.\r\nI nostri 6 ettari di noccioleti ci regalano un ottimo prodotto, perfetto per ricette dolci e salate.\r\nQuesto frutto, coltivato dall' uomo fin dai tempi pi\u00f9 remoti, veniva donato per augurare felicit\u00e0 e prosperit\u00e0.\r\n\r\n\u00a0\r\n\r\n[wonderplugin_gallery id=\"5\"]","_et_gb_content_width":"","footnotes":""},"class_list":["post-15706","page","type-page","status-publish","hentry"],"yoast_head":"<!-- This site is optimized with the Yoast SEO plugin v27.4 - https:\/\/yoast.com\/product\/yoast-seo-wordpress\/ -->\n<title>Nocciole - Cadia Vini<\/title>\n<meta name=\"robots\" content=\"index, follow, max-snippet:-1, max-image-preview:large, max-video-preview:-1\" \/>\n<link rel=\"canonical\" href=\"https:\/\/cadia.it\/vini\/nocciole\/\" \/>\n<meta property=\"og:locale\" content=\"it_IT\" \/>\n<meta property=\"og:type\" content=\"article\" \/>\n<meta property=\"og:title\" content=\"Nocciole - Cadia Vini\" \/>\n<meta property=\"og:description\" content=\"Le nocciole: un tesoro del nostro territorio Le nocciole sono uno dei tesori nascosti del nostro territorio, un prodotto che rappresenta solo il 2% della produzione mondiale, ma che si distingue per la sua qualit\u00e0 ineguagliabile. La nocciola Tonda Gentile Trilobata \u00e8 infatti riconosciuta come la migliore sul mercato, grazie al suo aroma intenso e [&hellip;]\" \/>\n<meta property=\"og:url\" content=\"https:\/\/cadia.it\/vini\/nocciole\/\" \/>\n<meta property=\"og:site_name\" content=\"Cadia Vini\" \/>\n<meta property=\"article:modified_time\" content=\"2026-02-06T13:54:03+00:00\" \/>\n<meta name=\"twitter:label1\" content=\"Tempo di lettura stimato\" \/>\n\t<meta name=\"twitter:data1\" content=\"4 minuti\" \/>\n<script type=\"application\/ld+json\" class=\"yoast-schema-graph\">{\"@context\":\"https:\\\/\\\/schema.org\",\"@graph\":[{\"@type\":\"WebPage\",\"@id\":\"https:\\\/\\\/cadia.it\\\/vini\\\/nocciole\\\/\",\"url\":\"https:\\\/\\\/cadia.it\\\/vini\\\/nocciole\\\/\",\"name\":\"Nocciole - Cadia Vini\",\"isPartOf\":{\"@id\":\"https:\\\/\\\/cadia.it\\\/vini\\\/#website\"},\"datePublished\":\"2017-03-22T11:29:00+00:00\",\"dateModified\":\"2026-02-06T13:54:03+00:00\",\"breadcrumb\":{\"@id\":\"https:\\\/\\\/cadia.it\\\/vini\\\/nocciole\\\/#breadcrumb\"},\"inLanguage\":\"it-IT\",\"potentialAction\":[{\"@type\":\"ReadAction\",\"target\":[\"https:\\\/\\\/cadia.it\\\/vini\\\/nocciole\\\/\"]}]},{\"@type\":\"BreadcrumbList\",\"@id\":\"https:\\\/\\\/cadia.it\\\/vini\\\/nocciole\\\/#breadcrumb\",\"itemListElement\":[{\"@type\":\"ListItem\",\"position\":1,\"name\":\"Home\",\"item\":\"https:\\\/\\\/cadia.it\\\/vini\\\/\"},{\"@type\":\"ListItem\",\"position\":2,\"name\":\"Nocciole\"}]},{\"@type\":\"WebSite\",\"@id\":\"https:\\\/\\\/cadia.it\\\/vini\\\/#website\",\"url\":\"https:\\\/\\\/cadia.it\\\/vini\\\/\",\"name\":\"Cadia Vini\",\"description\":\"Produzione Vini Roddi\",\"potentialAction\":[{\"@type\":\"SearchAction\",\"target\":{\"@type\":\"EntryPoint\",\"urlTemplate\":\"https:\\\/\\\/cadia.it\\\/vini\\\/?s={search_term_string}\"},\"query-input\":{\"@type\":\"PropertyValueSpecification\",\"valueRequired\":true,\"valueName\":\"search_term_string\"}}],\"inLanguage\":\"it-IT\"}]}<\/script>\n<!-- \/ Yoast SEO plugin. -->","yoast_head_json":{"title":"Nocciole - Cadia Vini","robots":{"index":"index","follow":"follow","max-snippet":"max-snippet:-1","max-image-preview":"max-image-preview:large","max-video-preview":"max-video-preview:-1"},"canonical":"https:\/\/cadia.it\/vini\/nocciole\/","og_locale":"it_IT","og_type":"article","og_title":"Nocciole - Cadia Vini","og_description":"Le nocciole: un tesoro del nostro territorio Le nocciole sono uno dei tesori nascosti del nostro territorio, un prodotto che rappresenta solo il 2% della produzione mondiale, ma che si distingue per la sua qualit\u00e0 ineguagliabile. La nocciola Tonda Gentile Trilobata \u00e8 infatti riconosciuta come la migliore sul mercato, grazie al suo aroma intenso e [&hellip;]","og_url":"https:\/\/cadia.it\/vini\/nocciole\/","og_site_name":"Cadia Vini","article_modified_time":"2026-02-06T13:54:03+00:00","twitter_misc":{"Tempo di lettura stimato":"4 minuti"},"schema":{"@context":"https:\/\/schema.org","@graph":[{"@type":"WebPage","@id":"https:\/\/cadia.it\/vini\/nocciole\/","url":"https:\/\/cadia.it\/vini\/nocciole\/","name":"Nocciole - Cadia Vini","isPartOf":{"@id":"https:\/\/cadia.it\/vini\/#website"},"datePublished":"2017-03-22T11:29:00+00:00","dateModified":"2026-02-06T13:54:03+00:00","breadcrumb":{"@id":"https:\/\/cadia.it\/vini\/nocciole\/#breadcrumb"},"inLanguage":"it-IT","potentialAction":[{"@type":"ReadAction","target":["https:\/\/cadia.it\/vini\/nocciole\/"]}]},{"@type":"BreadcrumbList","@id":"https:\/\/cadia.it\/vini\/nocciole\/#breadcrumb","itemListElement":[{"@type":"ListItem","position":1,"name":"Home","item":"https:\/\/cadia.it\/vini\/"},{"@type":"ListItem","position":2,"name":"Nocciole"}]},{"@type":"WebSite","@id":"https:\/\/cadia.it\/vini\/#website","url":"https:\/\/cadia.it\/vini\/","name":"Cadia Vini","description":"Produzione Vini Roddi","potentialAction":[{"@type":"SearchAction","target":{"@type":"EntryPoint","urlTemplate":"https:\/\/cadia.it\/vini\/?s={search_term_string}"},"query-input":{"@type":"PropertyValueSpecification","valueRequired":true,"valueName":"search_term_string"}}],"inLanguage":"it-IT"}]}},"_links":{"self":[{"href":"https:\/\/cadia.it\/vini\/wp-json\/wp\/v2\/pages\/15706","targetHints":{"allow":["GET"]}}],"collection":[{"href":"https:\/\/cadia.it\/vini\/wp-json\/wp\/v2\/pages"}],"about":[{"href":"https:\/\/cadia.it\/vini\/wp-json\/wp\/v2\/types\/page"}],"author":[{"embeddable":true,"href":"https:\/\/cadia.it\/vini\/wp-json\/wp\/v2\/users\/3"}],"replies":[{"embeddable":true,"href":"https:\/\/cadia.it\/vini\/wp-json\/wp\/v2\/comments?post=15706"}],"version-history":[{"count":11,"href":"https:\/\/cadia.it\/vini\/wp-json\/wp\/v2\/pages\/15706\/revisions"}],"predecessor-version":[{"id":17136,"href":"https:\/\/cadia.it\/vini\/wp-json\/wp\/v2\/pages\/15706\/revisions\/17136"}],"wp:attachment":[{"href":"https:\/\/cadia.it\/vini\/wp-json\/wp\/v2\/media?parent=15706"}],"curies":[{"name":"wp","href":"https:\/\/api.w.org\/{rel}","templated":true}]}}