{"id":15700,"date":"2017-03-22T12:27:11","date_gmt":"2017-03-22T11:27:11","guid":{"rendered":"http:\/\/cadia.it\/vini\/?page_id=15700"},"modified":"2026-02-06T14:04:29","modified_gmt":"2026-02-06T13:04:29","slug":"chi-siamo","status":"publish","type":"page","link":"https:\/\/cadia.it\/vini\/chi-siamo\/","title":{"rendered":"Chi siamo"},"content":{"rendered":"<p>[et_pb_section fb_built=&#8221;1&#8243; admin_label=&#8221;section&#8221; _builder_version=&#8221;4.16&#8243; global_colors_info=&#8221;{}&#8221;][et_pb_row admin_label=&#8221;row&#8221; _builder_version=&#8221;4.16&#8243; background_size=&#8221;initial&#8221; background_position=&#8221;top_left&#8221; background_repeat=&#8221;repeat&#8221; global_colors_info=&#8221;{}&#8221;][et_pb_column type=&#8221;4_4&#8243; _builder_version=&#8221;4.16&#8243; custom_padding=&#8221;|||&#8221; global_colors_info=&#8221;{}&#8221; custom_padding__hover=&#8221;|||&#8221;][et_pb_text admin_label=&#8221;Text&#8221; _builder_version=&#8221;4.18.0&#8243; text_font_size=&#8221;15px&#8221; text_line_height=&#8221;1.4em&#8221; header_line_height=&#8221;1.1em&#8221; header_2_font=&#8221;Abhaya Libre|500|||||||&#8221; header_2_font_size=&#8221;32px&#8221; header_2_line_height=&#8221;1.3em&#8221; background_size=&#8221;initial&#8221; background_position=&#8221;top_left&#8221; background_repeat=&#8221;repeat&#8221; global_colors_info=&#8221;{}&#8221;]<\/p>\n<h2><strong>\u00a0 \u00a0 \u00a0 \u00a0 \u00a0 \u00a0 \u00a0 \u00a0 Cantina Cadia: un&#8217;Esperienza Vinicola Unica nelle Langhe<\/strong><\/h2>\n<p>Immersi nel cuore delle Langhe, un paesaggio incantevole modellato da colline di origine antichissima, la cantina Cadia rappresenta una perfetta fusione tra tradizione, passione e rispetto per il territorio. Fondata nel 1913 dal lungimirante nonno Marcello, l&#8217;azienda ha origini radicate nel lavoro meticoloso dei vigneti e nella vendita delle uve, tradizioni che si sono evolute nel tempo.<\/p>\n<p><span style=\"font-size: large;\"><strong>La nostra storia<\/strong><\/span><\/p>\n<p>La vera trasformazione dell&#8217;azienda avviene nel 1996, quando l&#8217;attuale titolare, Bruno, decide di ampliare l&#8217;orizzonte produttivo iniziando la vinificazione. La dedizione alla terra \u00e8 una passione che scorre nelle vene della famiglia, tramandata di generazione in generazione. Ogni vigneto \u00e8 curato con attenzione, esprimendo il meglio del territorio per creare vini che raccontano storie di autenticit\u00e0 e qualit\u00e0.<\/p>\n<p>Oggi, l&#8217;Azienda Agricola Cadia rimane una realt\u00e0 a conduzione familiare, dove ogni membro della famiglia gioca un ruolo cruciale.<\/p>\n<p><strong>Bruno<\/strong> \u00e8 supportato dalla moglie <strong>Mariella<\/strong> e dalla figlia <strong>Noemi<\/strong> insieme ad il suo compagno <strong>Vincenzo<\/strong>, che condividono l&#8217;amore e la dedizione per la viticoltura. Questo approccio familiare garantisce che ogni bottiglia prodotta sia il risultato di un impegno comune e di una cura senza compromessi.<\/p>\n<p><span style=\"font-size: large;\"><strong>La nostra filosofia<\/strong><\/span><\/p>\n<p>La filosofia dell&#8217;azienda \u00e8 chiara: <strong>valorizzare al massimo le caratteristiche uniche di ogni vigneto.<\/strong><\/p>\n<p>Attraverso processi meticolosi, dalla coltivazione alla vendemmia, produciamo vini pregiati che riflettono l&#8217;essenza delle Langhe, mantenendo il giusto equilibrio tra innovazione e tradizione.\u00a0\u00a0<\/p>\n<p>&nbsp;<\/p>\n<p>&nbsp;<\/p>\n<p>[\/et_pb_text][et_pb_code _builder_version=&#8221;4.18.0&#8243; _module_preset=&#8221;default&#8221; global_colors_info=&#8221;{}&#8221;]<div class=\"wonderplugingallery-container\" id=\"wonderplugingallery-container-1\" style=\"max-width:100%;margin:0 auto;\"><div class=\"wonderplugingallery\" id=\"wonderplugingallery-1\" data-galleryid=\"1\" data-width=\"640\" data-height=\"360\" data-skin=\"light\" data-playsinline=\"false\" data-mutevideo=\"false\" data-random=\"false\" data-autoslide=\"false\" data-autoplayvideo=\"false\" data-schemamarkup=\"false\" data-stopallplaying=\"false\" data-reloadonvideoend=\"false\" data-donotuseposter=\"false\" data-enabletabindex=\"false\" data-loadnextonvideoend=\"false\" data-hidetitlewhenvideoisplaying=\"false\" data-disablehovereventontouch=\"false\" data-ratioresponsive=\"false\" data-autoslideandplayafterfirstplayed=\"false\" data-html5player=\"true\" data-responsive=\"true\" data-fullwidth=\"true\" data-showtitle=\"true\" data-showdescription=\"true\" data-showplaybutton=\"true\" data-showfullscreenbutton=\"true\" data-showtimer=\"true\" data-showcarousel=\"true\" data-galleryshadow=\"false\" data-slideshadow=\"true\" data-thumbshowtitle=\"false\" data-thumbshowimage=\"true\" data-thumbshadow=\"true\" data-lightboxshowtitle=\"true\" data-lightboxshowdescription=\"true\" data-specifyid=\"true\" data-donotinit=\"false\" data-addinitscript=\"false\" data-triggerresize=\"false\" data-thumbcolumnsresponsive=\"false\" data-thumbverticalmiddle=\"false\" data-removeinlinecss=\"true\" data-switchonmouseover=\"false\" data-showcategory=\"true\" data-carouselpagination=\"false\" data-showimgtitle=\"false\" data-titlesmallscreen=\"false\" data-initsocial=\"true\" data-showsocial=\"false\" data-showemail=\"false\" data-showfacebook=\"true\" data-showtwitter=\"true\" data-showpinterest=\"true\" data-socialrotateeffect=\"true\" data-doshortcodeontext=\"false\" data-loop=\"0\" data-duration=\"1500\" data-slideduration=\"1000\" data-slideshowinterval=\"4000\" data-googleanalyticsaccount=\"\" data-ga4account=\"\" data-resizemode=\"fill\" data-imagetoolboxmode=\"mouseover\" data-effect=\"fade\" data-padding=\"12\" data-bgcolor=\"\" data-bgimage=\"\" data-thumbwidth=\"48\" data-thumbheight=\"48\" data-thumbgap=\"8\" data-thumbrowgap=\"16\" data-lightboxtextheight=\"72\" data-lightboxtitlecss=\"{color:#333333; font:bold 12px Arial,Helvetica,sans-serif; overflow:hidden; white-space:normal; line-height:18px;}\" data-lightboxdescriptioncss=\"{color:#333333; font:normal 12px Arial,Helvetica,sans-serif; overflow:hidden; white-space:normal; line-height:14px;}\" data-titlecss=\"{color:#ffffff; font-size:14px; font-family:Armata, sans-serif, Arial; overflow:hidden; white-space:normal; text-align:left; padding:10px 0px 10px 10px;  background:rgb(102, 102, 102) transparent; background:rgba(102, 102, 102, 0.6);}\" data-descriptioncss=\"{color:#ffffff; font-size:12px; font-family:Armata, sans-serif, Arial; overflow:hidden; white-space:normal; text-align:left; padding:0px 0px 10px 10px;  background:rgb(102, 102, 102) transparent; background:rgba(102, 102, 102, 0.6);}\" data-titleheight=\"72\" data-titlesmallscreenwidth=\"640\" data-titleheightsmallscreen=\"148\" data-socialmode=\"mouseover\" data-socialposition=\"position:absolute;top:8px;right:8px;\" data-socialpositionlightbox=\"position:absolute;top:8px;right:8px;\" data-socialdirection=\"horizontal\" data-socialbuttonsize=\"32\" data-socialbuttonfontsize=\"18\" data-defaultvideovolume=\"1\" data-ratiomediumscreen=\"1024\" data-ratiomediumheight=\"1.6\" data-ratiosmallscreen=\"767\" data-ratiosmallheight=\"2.4\" data-thumbtitleheight=\"24\" data-thumbmediumtitleheight=\"48\" data-thumbsmalltitleheight=\"72\" data-categoryheight=\"48\" data-categorydefault=\"all\" data-triggerresizedelay=\"100\" data-thumbmediumsize=\"800\" data-thumbsmallsize=\"480\" data-thumbmediumwidth=\"64\" data-thumbmediumheight=\"64\" data-thumbsmallwidth=\"48\" data-thumbsmallheight=\"48\" data-imgtitle=\"title\" data-carouselpaginationrow=\"3\" data-categorystyle=\"buttons\" data-categorylist=\"[{&quot;slug&quot;:&quot;all&quot;,&quot;caption&quot;:&quot;Show All&quot;}]\" data-jsfolder=\"https:\/\/cadia.it\/vini\/wp-content\/plugins\/wonderplugin-gallery\/engine\/\" style=\"display:none;\" ><a class=\"html5galleryimglink\" href=\"https:\/\/cadia.it\/vini\/wp-content\/uploads\/2025\/03\/Cadia_2-scaled.jpg\" data-mediatype=1><img decoding=\"async\" class=\"html5galleryimg html5gallery-tn-image\" src=\"https:\/\/cadia.it\/vini\/wp-content\/uploads\/2025\/03\/Cadia_2-150x150.jpg\" alt=\"Cadia_2\"><\/a><div class=\"html5gallery-info\"><div class=\"html5gallery-title\">Cadia_2<\/div><\/div><a class=\"html5galleryimglink\" href=\"http:\/\/cadia.it\/vini\/wp-content\/uploads\/2019\/02\/ASH_1118.jpg\" data-mediatype=1><img decoding=\"async\" class=\"html5galleryimg html5gallery-tn-image\" src=\"http:\/\/cadia.it\/vini\/wp-content\/uploads\/2019\/02\/ASH_1118-150x150.jpg\" alt=\"ASH_1118\"><\/a><div class=\"html5gallery-info\"><div class=\"html5gallery-title\">ASH_1118<\/div><\/div><a class=\"html5galleryimglink\" href=\"https:\/\/cadia.it\/vini\/wp-content\/uploads\/2026\/02\/Cadia_5-scaled.jpg\" data-mediatype=1><img decoding=\"async\" class=\"html5galleryimg html5gallery-tn-image\" src=\"https:\/\/cadia.it\/vini\/wp-content\/uploads\/2026\/02\/Cadia_5-150x150.jpg\" alt=\"Cadia_5\"><\/a><div class=\"html5gallery-info\"><div class=\"html5gallery-title\">Cadia_5<\/div><\/div><a class=\"html5galleryimglink\" href=\"http:\/\/cadia.it\/vini\/wp-content\/uploads\/2017\/04\/bevi-con-noi.jpg\" data-mediatype=1><img decoding=\"async\" class=\"html5galleryimg html5gallery-tn-image\" src=\"http:\/\/cadia.it\/vini\/wp-content\/uploads\/2017\/04\/bevi-con-noi-150x150.jpg\" alt=\"bevi-con-noi\"><\/a><div class=\"html5gallery-info\"><div class=\"html5gallery-title\">bevi-con-noi<\/div><\/div><a class=\"html5galleryimglink\" href=\"http:\/\/cadia.it\/vini\/wp-content\/uploads\/2018\/02\/noemi-stand.jpg\" data-mediatype=1><img decoding=\"async\" class=\"html5galleryimg html5gallery-tn-image\" src=\"http:\/\/cadia.it\/vini\/wp-content\/uploads\/2018\/02\/noemi-stand-150x150.jpg\" alt=\"fiera di alba\"><\/a><div class=\"html5gallery-info\"><div class=\"html5gallery-title\">fiera di alba<\/div><\/div><a class=\"html5galleryimglink\" href=\"http:\/\/cadia.it\/vini\/wp-content\/uploads\/2020\/11\/Cadia_Wines-11.jpg\" data-mediatype=1><img decoding=\"async\" class=\"html5galleryimg html5gallery-tn-image\" src=\"http:\/\/cadia.it\/vini\/wp-content\/uploads\/2020\/11\/Cadia_Wines-11-150x150.jpg\" alt=\"Cadia_Wines-11\"><\/a><div class=\"html5gallery-info\"><div class=\"html5gallery-title\">Cadia_Wines-11<\/div><\/div><a class=\"html5galleryimglink\" href=\"http:\/\/cadia.it\/vini\/wp-content\/uploads\/2020\/11\/Cadia_Wines-15.jpg\" data-mediatype=1><img decoding=\"async\" class=\"html5galleryimg html5gallery-tn-image\" src=\"http:\/\/cadia.it\/vini\/wp-content\/uploads\/2020\/11\/Cadia_Wines-15-150x150.jpg\" alt=\"Cadia_Wines-15\"><\/a><div class=\"html5gallery-info\"><div class=\"html5gallery-title\">Cadia_Wines-15<\/div><\/div><a class=\"html5galleryimglink\" href=\"http:\/\/cadia.it\/vini\/wp-content\/uploads\/2018\/02\/noe-e-mari.jpg\" data-mediatype=1><img decoding=\"async\" class=\"html5galleryimg html5gallery-tn-image\" src=\"http:\/\/cadia.it\/vini\/wp-content\/uploads\/2018\/02\/noe-e-mari-150x150.jpg\" alt=\"stand vinitaly\"><\/a><div class=\"html5gallery-info\"><div class=\"html5gallery-title\">stand vinitaly<\/div><\/div><a class=\"html5galleryimglink\" href=\"http:\/\/cadia.it\/vini\/wp-content\/uploads\/2020\/11\/Cadia_Wines-7.jpg\" data-mediatype=1><img decoding=\"async\" class=\"html5galleryimg html5gallery-tn-image\" src=\"http:\/\/cadia.it\/vini\/wp-content\/uploads\/2020\/11\/Cadia_Wines-7-150x150.jpg\" alt=\"Cadia_Wines-7\"><\/a><div class=\"html5gallery-info\"><div class=\"html5gallery-title\">Cadia_Wines-7<\/div><\/div><\/div><\/div><script>function wondergallery_1_appendcss(csscode) {var head=document.head || document.getElementsByTagName(\"head\")[0];var style=document.createElement(\"style\");head.appendChild(style);style.type=\"text\/css\";if (style.styleSheet){style.styleSheet.cssText=csscode;} else {style.appendChild(document.createTextNode(csscode));}};wondergallery_1_appendcss(\"#wonderplugingallery-1 .html5gallery-cat-selection-1 { \ttext-align: center; }  #wonderplugingallery-1 .html5gallery-cat-tag-1 { \tdisplay: inline-block; \tborder: none; \tbackground: transparent; \tcolor: #555;   \tpadding: 6px; \tfont-size: 14px; \tfont-weight: normal; \t   \tfont-family: Lucida Sans Unicode,Lucida Grande,sans-serif,Arial;   \tbox-sizing: border-box;    \tcursor: pointer;   \ttext-align: center;   \ttext-decoration: none;   \ttext-shadow: none;   \ttext-transform: none;   \twhite-space: nowrap;   \t-webkit-font-smoothing: antialiased;   \tborder-radius: 2px;   \ttransition: background-color 0.3s ease; }  #wonderplugingallery-1 .html5gallery-cat-tag-1:hover, #wonderplugingallery-1 .html5gallery-cat-tag-1:focus, #wonderplugingallery-1 .html5gallery-cat-tag-selected-1 { \tcolor: #222; }\");<\/script>[\/et_pb_code][\/et_pb_column][\/et_pb_row][\/et_pb_section]<\/p>\n","protected":false},"excerpt":{"rendered":"<p>\u00a0 \u00a0 \u00a0 \u00a0 \u00a0 \u00a0 \u00a0 \u00a0 Cantina Cadia: un&#8217;Esperienza Vinicola Unica nelle Langhe Immersi nel cuore delle Langhe, un paesaggio incantevole modellato da colline di origine antichissima, la cantina Cadia rappresenta una perfetta fusione tra tradizione, passione e rispetto per il territorio. Fondata nel 1913 dal lungimirante nonno Marcello, l&#8217;azienda ha origini radicate [&hellip;]<\/p>\n","protected":false},"author":3,"featured_media":0,"parent":0,"menu_order":0,"comment_status":"closed","ping_status":"closed","template":"","meta":{"_et_pb_use_builder":"on","_et_pb_old_content":"<h2><em><strong>Immersi nelle Langhe, circondati da colline di origine antichissime, l\u2019Azienda Agricola Cadia \u00e8 l\u2019espressione della passione e del rispetto per il territorio.<\/strong><\/em><\/h2>\r\nL'azienda nasce nel lontano 1913 grazie al nonno Marcello, che negli anni ha sviluppato la lavorazione dei vigneti, con conseguente vendita di uve.\r\n\r\nNel 1996 avviene la svolta: l\u2019attuale titolare Bruno inizia la produzione di vino.\r\n\r\nPer lui prendersi cura della terra \u00e8 una passione tramandata di generazione in generazione.\r\n\r\nNel corso del tempo, l\u2019azienda \u00e8 cresciuta grazie a investimenti mirati e tanta forza di volont\u00e0.\r\n\r\nAd oggi la cantina rimane a conduzione familiare: collaborano la moglie Mariella con i figli Noemi ed Alberto, sempre con la stessa cura e dedizione.\r\n\r\nLa massima valorizzazione delle caratteristiche di ogni vigneto e una cura scrupolosa in ogni fase della lavorazione, permettono di ottenere ottimi vini pregiati.\r\n\r\n[wonderplugin_gallery id=\"1\"]","_et_gb_content_width":"","footnotes":""},"class_list":["post-15700","page","type-page","status-publish","hentry"],"yoast_head":"<!-- This site is optimized with the Yoast SEO plugin v27.4 - https:\/\/yoast.com\/product\/yoast-seo-wordpress\/ -->\n<title>Chi siamo - Cadia Vini<\/title>\n<meta name=\"robots\" content=\"index, follow, max-snippet:-1, max-image-preview:large, max-video-preview:-1\" \/>\n<link rel=\"canonical\" href=\"https:\/\/cadia.it\/vini\/chi-siamo\/\" \/>\n<meta property=\"og:locale\" content=\"it_IT\" \/>\n<meta property=\"og:type\" content=\"article\" \/>\n<meta property=\"og:title\" content=\"Chi siamo - Cadia Vini\" \/>\n<meta property=\"og:description\" content=\"\u00a0 \u00a0 \u00a0 \u00a0 \u00a0 \u00a0 \u00a0 \u00a0 Cantina Cadia: un&#039;Esperienza Vinicola Unica nelle Langhe Immersi nel cuore delle Langhe, un paesaggio incantevole modellato da colline di origine antichissima, la cantina Cadia rappresenta una perfetta fusione tra tradizione, passione e rispetto per il territorio. Fondata nel 1913 dal lungimirante nonno Marcello, l&#039;azienda ha origini radicate [&hellip;]\" \/>\n<meta property=\"og:url\" content=\"https:\/\/cadia.it\/vini\/chi-siamo\/\" \/>\n<meta property=\"og:site_name\" content=\"Cadia Vini\" \/>\n<meta property=\"article:modified_time\" content=\"2026-02-06T13:04:29+00:00\" \/>\n<meta name=\"twitter:label1\" content=\"Tempo di lettura stimato\" \/>\n\t<meta name=\"twitter:data1\" content=\"3 minuti\" \/>\n<script type=\"application\/ld+json\" class=\"yoast-schema-graph\">{\"@context\":\"https:\\\/\\\/schema.org\",\"@graph\":[{\"@type\":\"WebPage\",\"@id\":\"https:\\\/\\\/cadia.it\\\/vini\\\/chi-siamo\\\/\",\"url\":\"https:\\\/\\\/cadia.it\\\/vini\\\/chi-siamo\\\/\",\"name\":\"Chi siamo - Cadia Vini\",\"isPartOf\":{\"@id\":\"https:\\\/\\\/cadia.it\\\/vini\\\/#website\"},\"datePublished\":\"2017-03-22T11:27:11+00:00\",\"dateModified\":\"2026-02-06T13:04:29+00:00\",\"breadcrumb\":{\"@id\":\"https:\\\/\\\/cadia.it\\\/vini\\\/chi-siamo\\\/#breadcrumb\"},\"inLanguage\":\"it-IT\",\"potentialAction\":[{\"@type\":\"ReadAction\",\"target\":[\"https:\\\/\\\/cadia.it\\\/vini\\\/chi-siamo\\\/\"]}]},{\"@type\":\"BreadcrumbList\",\"@id\":\"https:\\\/\\\/cadia.it\\\/vini\\\/chi-siamo\\\/#breadcrumb\",\"itemListElement\":[{\"@type\":\"ListItem\",\"position\":1,\"name\":\"Home\",\"item\":\"https:\\\/\\\/cadia.it\\\/vini\\\/\"},{\"@type\":\"ListItem\",\"position\":2,\"name\":\"Chi siamo\"}]},{\"@type\":\"WebSite\",\"@id\":\"https:\\\/\\\/cadia.it\\\/vini\\\/#website\",\"url\":\"https:\\\/\\\/cadia.it\\\/vini\\\/\",\"name\":\"Cadia Vini\",\"description\":\"Produzione Vini Roddi\",\"potentialAction\":[{\"@type\":\"SearchAction\",\"target\":{\"@type\":\"EntryPoint\",\"urlTemplate\":\"https:\\\/\\\/cadia.it\\\/vini\\\/?s={search_term_string}\"},\"query-input\":{\"@type\":\"PropertyValueSpecification\",\"valueRequired\":true,\"valueName\":\"search_term_string\"}}],\"inLanguage\":\"it-IT\"}]}<\/script>\n<!-- \/ Yoast SEO plugin. -->","yoast_head_json":{"title":"Chi siamo - Cadia Vini","robots":{"index":"index","follow":"follow","max-snippet":"max-snippet:-1","max-image-preview":"max-image-preview:large","max-video-preview":"max-video-preview:-1"},"canonical":"https:\/\/cadia.it\/vini\/chi-siamo\/","og_locale":"it_IT","og_type":"article","og_title":"Chi siamo - Cadia Vini","og_description":"\u00a0 \u00a0 \u00a0 \u00a0 \u00a0 \u00a0 \u00a0 \u00a0 Cantina Cadia: un'Esperienza Vinicola Unica nelle Langhe Immersi nel cuore delle Langhe, un paesaggio incantevole modellato da colline di origine antichissima, la cantina Cadia rappresenta una perfetta fusione tra tradizione, passione e rispetto per il territorio. Fondata nel 1913 dal lungimirante nonno Marcello, l'azienda ha origini radicate [&hellip;]","og_url":"https:\/\/cadia.it\/vini\/chi-siamo\/","og_site_name":"Cadia Vini","article_modified_time":"2026-02-06T13:04:29+00:00","twitter_misc":{"Tempo di lettura stimato":"3 minuti"},"schema":{"@context":"https:\/\/schema.org","@graph":[{"@type":"WebPage","@id":"https:\/\/cadia.it\/vini\/chi-siamo\/","url":"https:\/\/cadia.it\/vini\/chi-siamo\/","name":"Chi siamo - Cadia Vini","isPartOf":{"@id":"https:\/\/cadia.it\/vini\/#website"},"datePublished":"2017-03-22T11:27:11+00:00","dateModified":"2026-02-06T13:04:29+00:00","breadcrumb":{"@id":"https:\/\/cadia.it\/vini\/chi-siamo\/#breadcrumb"},"inLanguage":"it-IT","potentialAction":[{"@type":"ReadAction","target":["https:\/\/cadia.it\/vini\/chi-siamo\/"]}]},{"@type":"BreadcrumbList","@id":"https:\/\/cadia.it\/vini\/chi-siamo\/#breadcrumb","itemListElement":[{"@type":"ListItem","position":1,"name":"Home","item":"https:\/\/cadia.it\/vini\/"},{"@type":"ListItem","position":2,"name":"Chi siamo"}]},{"@type":"WebSite","@id":"https:\/\/cadia.it\/vini\/#website","url":"https:\/\/cadia.it\/vini\/","name":"Cadia Vini","description":"Produzione Vini Roddi","potentialAction":[{"@type":"SearchAction","target":{"@type":"EntryPoint","urlTemplate":"https:\/\/cadia.it\/vini\/?s={search_term_string}"},"query-input":{"@type":"PropertyValueSpecification","valueRequired":true,"valueName":"search_term_string"}}],"inLanguage":"it-IT"}]}},"_links":{"self":[{"href":"https:\/\/cadia.it\/vini\/wp-json\/wp\/v2\/pages\/15700","targetHints":{"allow":["GET"]}}],"collection":[{"href":"https:\/\/cadia.it\/vini\/wp-json\/wp\/v2\/pages"}],"about":[{"href":"https:\/\/cadia.it\/vini\/wp-json\/wp\/v2\/types\/page"}],"author":[{"embeddable":true,"href":"https:\/\/cadia.it\/vini\/wp-json\/wp\/v2\/users\/3"}],"replies":[{"embeddable":true,"href":"https:\/\/cadia.it\/vini\/wp-json\/wp\/v2\/comments?post=15700"}],"version-history":[{"count":13,"href":"https:\/\/cadia.it\/vini\/wp-json\/wp\/v2\/pages\/15700\/revisions"}],"predecessor-version":[{"id":17116,"href":"https:\/\/cadia.it\/vini\/wp-json\/wp\/v2\/pages\/15700\/revisions\/17116"}],"wp:attachment":[{"href":"https:\/\/cadia.it\/vini\/wp-json\/wp\/v2\/media?parent=15700"}],"curies":[{"name":"wp","href":"https:\/\/api.w.org\/{rel}","templated":true}]}}