{"id":100,"date":"2013-11-14T15:14:58","date_gmt":"2013-11-14T14:14:58","guid":{"rendered":"http:\/\/fentai.it\/smc\/?page_id=100"},"modified":"2026-02-06T15:35:42","modified_gmt":"2026-02-06T14:35:42","slug":"home","status":"publish","type":"page","link":"https:\/\/cadia.it\/vini\/","title":{"rendered":"Home"},"content":{"rendered":"<p>[et_pb_section fb_built=&#8221;1&#8243; admin_label=&#8221;section&#8221; _builder_version=&#8221;4.18.0&#8243; custom_margin=&#8221;0px|0px|0px|0px|false|false&#8221; custom_padding=&#8221;0px|0px|0px|0px|false|false&#8221; global_colors_info=&#8221;{}&#8221;][et_pb_row admin_label=&#8221;row&#8221; _builder_version=&#8221;4.25.0&#8243; background_size=&#8221;initial&#8221; background_position=&#8221;top_left&#8221; background_repeat=&#8221;repeat&#8221; width=&#8221;100%&#8221; max_width=&#8221;100%&#8221; custom_margin=&#8221;0px|0px|0px|0px|false|false&#8221; custom_padding=&#8221;0px|0px|0px|0px|false|false&#8221; global_colors_info=&#8221;{}&#8221;][et_pb_column type=&#8221;4_4&#8243; _builder_version=&#8221;4.16&#8243; custom_padding=&#8221;|||&#8221; global_colors_info=&#8221;{}&#8221; custom_padding__hover=&#8221;|||&#8221;][et_pb_code _builder_version=&#8221;4.18.0&#8243; _module_preset=&#8221;default&#8221; global_colors_info=&#8221;{}&#8221;]  [\/et_pb_code][et_pb_code _builder_version=&#8221;4.18.0&#8243; _module_preset=&#8221;default&#8221; global_colors_info=&#8221;{}&#8221;][\/et_pb_code][\/et_pb_column][\/et_pb_row][\/et_pb_section][et_pb_section fb_built=&#8221;1&#8243; _builder_version=&#8221;4.18.0&#8243; _module_preset=&#8221;default&#8221; global_colors_info=&#8221;{}&#8221;][et_pb_row column_structure=&#8221;3_5,2_5&#8243; _builder_version=&#8221;4.18.0&#8243; _module_preset=&#8221;default&#8221; width=&#8221;90%&#8221; max_width=&#8221;90%&#8221; global_colors_info=&#8221;{}&#8221;][et_pb_column type=&#8221;3_5&#8243; _builder_version=&#8221;4.18.0&#8243; _module_preset=&#8221;default&#8221; global_colors_info=&#8221;{}&#8221;][et_pb_image src=&#8221;https:\/\/cadia.it\/vini\/wp-content\/uploads\/2025\/03\/Cadia_2-scaled.jpg&#8221; _builder_version=&#8221;4.27.5&#8243; _module_preset=&#8221;default&#8221; title_text=&#8221;Cadia_2&#8243; hover_enabled=&#8221;0&#8243; sticky_enabled=&#8221;0&#8243;][\/et_pb_image][\/et_pb_column][et_pb_column type=&#8221;2_5&#8243; _builder_version=&#8221;4.18.0&#8243; _module_preset=&#8221;default&#8221; global_colors_info=&#8221;{}&#8221;][et_pb_text admin_label=&#8221;Text&#8221; _builder_version=&#8221;4.18.0&#8243; header_font=&#8221;Dancing Script||||||||&#8221; header_2_font=&#8221;Italiana||||||||&#8221; header_2_text_align=&#8221;left&#8221; header_2_font_size=&#8221;48px&#8221; header_2_letter_spacing=&#8221;2px&#8221; header_2_line_height=&#8221;1.2em&#8221; header_3_font=&#8221;|300|||||||&#8221; header_3_text_align=&#8221;left&#8221; header_3_line_height=&#8221;1.6em&#8221; background_size=&#8221;initial&#8221; background_position=&#8221;top_left&#8221; background_repeat=&#8221;repeat&#8221; text_orientation=&#8221;center&#8221; module_alignment=&#8221;left&#8221; custom_margin=&#8221;||||false|false&#8221; locked=&#8221;off&#8221; global_colors_info=&#8221;{}&#8221;]<\/p>\n<h2 style=\"text-align: center;\"><strong>Una cantina dove si respira tutta la passione di famiglia.<\/strong><\/h2>\n<h3><\/h3>\n<h3><\/h3>\n<h3 style=\"text-align: center;\">La collina \u201cCadia\u201d, dalla quale l\u2019azienda prende il nome, \u00e8 situata sul dorsale sud-est, un ottima posizione per la produzione di vini di grande qualit\u00e0.<\/h3>\n<p>[\/et_pb_text][et_pb_button button_url=&#8221;@ET-DC@eyJkeW5hbWljIjp0cnVlLCJjb250ZW50IjoicG9zdF9saW5rX3VybF9wYWdlIiwic2V0dGluZ3MiOnsicG9zdF9pZCI6IjE1NzAyIn19@&#8221; button_text=&#8221;La nostra azienda&#8221; button_alignment=&#8221;center&#8221; _builder_version=&#8221;4.18.0&#8243; _dynamic_attributes=&#8221;button_url&#8221; _module_preset=&#8221;default&#8221; custom_button=&#8221;on&#8221; button_text_color=&#8221;#FFFFFF&#8221; button_bg_color=&#8221;#0C71C3&#8243; global_colors_info=&#8221;{}&#8221;][\/et_pb_button][\/et_pb_column][\/et_pb_row][et_pb_row use_custom_gutter=&#8221;on&#8221; gutter_width=&#8221;1&#8243; _builder_version=&#8221;4.18.0&#8243; _module_preset=&#8221;default&#8221; width=&#8221;100%&#8221; max_width=&#8221;100%&#8221; custom_margin=&#8221;50px||50px||false|false&#8221; global_colors_info=&#8221;{}&#8221;][et_pb_column type=&#8221;4_4&#8243; _builder_version=&#8221;4.18.0&#8243; _module_preset=&#8221;default&#8221; global_colors_info=&#8221;{}&#8221;][et_pb_gallery gallery_ids=&#8221;16267,16271,15990,15974&#8243; orientation=&#8221;portrait&#8221; show_title_and_caption=&#8221;off&#8221; show_pagination=&#8221;off&#8221; _builder_version=&#8221;4.18.0&#8243; _module_preset=&#8221;default&#8221; global_colors_info=&#8221;{}&#8221;][\/et_pb_gallery][\/et_pb_column][\/et_pb_row][et_pb_row column_structure=&#8221;2_5,3_5&#8243; _builder_version=&#8221;4.18.0&#8243; _module_preset=&#8221;default&#8221; width=&#8221;90%&#8221; max_width=&#8221;90%&#8221; global_colors_info=&#8221;{}&#8221;][et_pb_column type=&#8221;2_5&#8243; _builder_version=&#8221;4.18.0&#8243; _module_preset=&#8221;default&#8221; global_colors_info=&#8221;{}&#8221;][et_pb_text admin_label=&#8221;Text&#8221; _builder_version=&#8221;4.25.0&#8243; header_font=&#8221;Dancing Script||||||||&#8221; header_2_font=&#8221;Italiana||||||||&#8221; header_2_text_align=&#8221;right&#8221; header_2_font_size=&#8221;48px&#8221; header_2_letter_spacing=&#8221;2px&#8221; header_2_line_height=&#8221;1.2em&#8221; header_3_font=&#8221;|300|||||||&#8221; header_3_text_align=&#8221;right&#8221; header_3_line_height=&#8221;1.6em&#8221; background_size=&#8221;initial&#8221; background_position=&#8221;top_left&#8221; background_repeat=&#8221;repeat&#8221; text_orientation=&#8221;center&#8221; module_alignment=&#8221;right&#8221; custom_margin=&#8221;||||false|false&#8221; locked=&#8221;off&#8221; global_colors_info=&#8221;{}&#8221;]<\/p>\n<h2 style=\"text-align: center;\"><strong>I nostri vini<\/strong><\/h2>\n<h3><\/h3>\n<h3><\/h3>\n<h3 style=\"text-align: center;\">Ogni fase produttiva, in vigna e in cantina, gioca un ruolo fondamentale, ecco perch\u00e9 il vino essenzialmente \u00e8 equilibrio tra fattori naturali e impegno dell\u2019uomo.<\/h3>\n<p>[\/et_pb_text][et_pb_button button_url=&#8221;@ET-DC@eyJkeW5hbWljIjp0cnVlLCJjb250ZW50IjoicG9zdF9saW5rX3VybF9wYWdlIiwic2V0dGluZ3MiOnsicG9zdF9pZCI6IjE1NzAyIn19@&#8221; button_text=&#8221;Scopri i nostri vini&#8221; button_alignment=&#8221;center&#8221; _builder_version=&#8221;4.18.0&#8243; _dynamic_attributes=&#8221;button_url&#8221; _module_preset=&#8221;default&#8221; custom_button=&#8221;on&#8221; button_text_color=&#8221;#FFFFFF&#8221; button_bg_color=&#8221;#0C71C3&#8243; global_colors_info=&#8221;{}&#8221;][\/et_pb_button][\/et_pb_column][et_pb_column type=&#8221;3_5&#8243; _builder_version=&#8221;4.18.0&#8243; _module_preset=&#8221;default&#8221; global_colors_info=&#8221;{}&#8221;][et_pb_image src=&#8221;https:\/\/cadia.it\/vini\/wp-content\/uploads\/2023\/03\/Tutti-i-vini-1.jpg&#8221; title_text=&#8221;Tutti i vini&#8221; _builder_version=&#8221;4.18.0&#8243; _module_preset=&#8221;default&#8221; border_width_all=&#8221;1px&#8221; border_color_all=&#8221;#bababa&#8221; global_colors_info=&#8221;{}&#8221;][\/et_pb_image][\/et_pb_column][\/et_pb_row][et_pb_row _builder_version=&#8221;4.18.0&#8243; _module_preset=&#8221;default&#8221; background_color=&#8221;rgba(0,0,0,0.49)&#8221; background_image=&#8221;https:\/\/cadia.it\/vini\/wp-content\/uploads\/2017\/04\/Le-famose-nocciole-delle-Langhe.jpg&#8221; background_blend=&#8221;multiply&#8221; width=&#8221;100%&#8221; max_width=&#8221;100%&#8221; global_colors_info=&#8221;{}&#8221;][et_pb_column type=&#8221;4_4&#8243; _builder_version=&#8221;4.18.0&#8243; _module_preset=&#8221;default&#8221; global_colors_info=&#8221;{}&#8221;][et_pb_text admin_label=&#8221;Text&#8221; _builder_version=&#8221;4.18.0&#8243; header_font=&#8221;Dancing Script||||||||&#8221; header_2_font=&#8221;Italiana|700|||||||&#8221; header_2_text_align=&#8221;right&#8221; header_2_font_size=&#8221;48px&#8221; header_2_letter_spacing=&#8221;2px&#8221; header_2_line_height=&#8221;1.2em&#8221; header_3_font=&#8221;|600|||||||&#8221; header_3_text_align=&#8221;right&#8221; header_3_line_height=&#8221;1.6em&#8221; background_color=&#8221;RGBA(255,255,255,0)&#8221; background_size=&#8221;initial&#8221; background_position=&#8221;top_left&#8221; background_repeat=&#8221;repeat&#8221; text_orientation=&#8221;center&#8221; background_layout=&#8221;dark&#8221; width=&#8221;80%&#8221; module_alignment=&#8221;center&#8221; custom_margin=&#8221;||||false|false&#8221; custom_padding=&#8221;|30px||30px|false|false&#8221; locked=&#8221;off&#8221; global_colors_info=&#8221;{}&#8221;]<\/p>\n<h2 style=\"text-align: center;\"><strong><br \/>Le nostre Nocciole<br \/><\/strong><\/h2>\n<h3><\/h3>\n<h3><\/h3>\n<h3 style=\"text-align: center;\">La nocciola, un\u2019altra prelibatezza del nostro territorio, rappresenta il 2 % della produzione mondiale, ma \u00e8 riconosciuta come la qualit\u00e0 migliore esistente sul mercato grazie al suo aroma intenso e il gusto persistente&#8230;<\/h3>\n<p>&nbsp;<\/p>\n<p>[\/et_pb_text][et_pb_button button_url=&#8221;@ET-DC@eyJkeW5hbWljIjp0cnVlLCJjb250ZW50IjoicG9zdF9saW5rX3VybF9wYWdlIiwic2V0dGluZ3MiOnsicG9zdF9pZCI6IjE1NzA2In19@&#8221; button_text=&#8221;Scopri le nocciole&#8221; button_alignment=&#8221;center&#8221; _builder_version=&#8221;4.18.0&#8243; _dynamic_attributes=&#8221;button_url&#8221; _module_preset=&#8221;default&#8221; custom_button=&#8221;on&#8221; button_text_color=&#8221;#FFFFFF&#8221; button_bg_color=&#8221;#0C71C3&#8243; custom_margin=&#8221;-15px||42px|||&#8221; global_colors_info=&#8221;{}&#8221;][\/et_pb_button][\/et_pb_column][\/et_pb_row][et_pb_row column_structure=&#8221;1_3,1_3,1_3&#8243; _builder_version=&#8221;4.18.0&#8243; _module_preset=&#8221;default&#8221; width=&#8221;90%&#8221; max_width=&#8221;90%&#8221; custom_padding=&#8221;52px|||||&#8221; global_colors_info=&#8221;{}&#8221;][et_pb_column type=&#8221;1_3&#8243; _builder_version=&#8221;4.18.0&#8243; _module_preset=&#8221;default&#8221; global_colors_info=&#8221;{}&#8221;][et_pb_image src=&#8221;https:\/\/cadia.it\/vini\/wp-content\/uploads\/2026\/02\/Cadia_5-scaled.jpg&#8221; _builder_version=&#8221;4.27.5&#8243; _module_preset=&#8221;default&#8221; title_text=&#8221;Cadia_5&#8243; hover_enabled=&#8221;0&#8243; sticky_enabled=&#8221;0&#8243;][\/et_pb_image][et_pb_text admin_label=&#8221;Text&#8221; _builder_version=&#8221;4.18.0&#8243; header_font=&#8221;Dancing Script||||||||&#8221; header_2_font=&#8221;Italiana||||||||&#8221; header_2_text_align=&#8221;right&#8221; header_2_font_size=&#8221;48px&#8221; header_2_letter_spacing=&#8221;2px&#8221; header_2_line_height=&#8221;1.2em&#8221; header_3_font=&#8221;|300|||||||&#8221; header_3_text_align=&#8221;right&#8221; header_3_line_height=&#8221;1.6em&#8221; background_size=&#8221;initial&#8221; background_position=&#8221;top_left&#8221; background_repeat=&#8221;repeat&#8221; text_orientation=&#8221;center&#8221; module_alignment=&#8221;right&#8221; custom_margin=&#8221;||9px||false|false&#8221; locked=&#8221;off&#8221; global_colors_info=&#8221;{}&#8221;]<\/p>\n<h2 style=\"text-align: center;\"><strong>Chi siamo<\/strong><\/h2>\n<h3><\/h3>\n<h3><\/h3>\n<h3 style=\"text-align: center;\">Immersi nelle Langhe, circondati da colline di origine antichissime, l\u2019Azienda Agricola Cadia \u00e8 l\u2019espressione della passione e del rispetto per il territorio<\/h3>\n<p>[\/et_pb_text][et_pb_button button_url=&#8221;@ET-DC@eyJkeW5hbWljIjp0cnVlLCJjb250ZW50IjoicG9zdF9saW5rX3VybF9wYWdlIiwic2V0dGluZ3MiOnsicG9zdF9pZCI6IjE1NzAwIn19@&#8221; button_text=&#8221;Scopri i nostri vini&#8221; button_alignment=&#8221;center&#8221; _builder_version=&#8221;4.18.0&#8243; _dynamic_attributes=&#8221;button_url&#8221; _module_preset=&#8221;default&#8221; custom_button=&#8221;on&#8221; button_text_color=&#8221;#FFFFFF&#8221; button_bg_color=&#8221;#0C71C3&#8243; global_colors_info=&#8221;{}&#8221;][\/et_pb_button][\/et_pb_column][et_pb_column type=&#8221;1_3&#8243; _builder_version=&#8221;4.18.0&#8243; _module_preset=&#8221;default&#8221; global_colors_info=&#8221;{}&#8221;][et_pb_image src=&#8221;https:\/\/cadia.it\/vini\/wp-content\/uploads\/2018\/02\/000007.jpg&#8221; title_text=&#8221;-000007&#8243; _builder_version=&#8221;4.18.0&#8243; _module_preset=&#8221;default&#8221; border_width_all=&#8221;1px&#8221; border_color_all=&#8221;#bababa&#8221; global_colors_info=&#8221;{}&#8221;][\/et_pb_image][et_pb_text admin_label=&#8221;Text&#8221; _builder_version=&#8221;4.18.0&#8243; header_font=&#8221;Dancing Script||||||||&#8221; header_2_font=&#8221;Italiana||||||||&#8221; header_2_text_align=&#8221;right&#8221; header_2_font_size=&#8221;48px&#8221; header_2_letter_spacing=&#8221;2px&#8221; header_2_line_height=&#8221;1.2em&#8221; header_3_font=&#8221;|300|||||||&#8221; header_3_text_align=&#8221;right&#8221; header_3_line_height=&#8221;1.6em&#8221; background_size=&#8221;initial&#8221; background_position=&#8221;top_left&#8221; background_repeat=&#8221;repeat&#8221; text_orientation=&#8221;center&#8221; module_alignment=&#8221;right&#8221; custom_margin=&#8221;||||false|false&#8221; locked=&#8221;off&#8221; global_colors_info=&#8221;{}&#8221;]<\/p>\n<h2 style=\"text-align: center;\"><strong>La Cantina<br \/><\/strong><\/h2>\n<h3><\/h3>\n<h3><\/h3>\n<h3 style=\"text-align: center;\">Vieni a trovarci in cantina e immergiti nell&#8217;atmosfera della tradizione gustando profumi e gusti dei nostri prodotti<\/p>\n<\/h3>\n<p>[\/et_pb_text][et_pb_button button_url=&#8221;@ET-DC@eyJkeW5hbWljIjp0cnVlLCJjb250ZW50IjoicG9zdF9saW5rX3VybF9wYWdlIiwic2V0dGluZ3MiOnsicG9zdF9pZCI6IjE1NzA4In19@&#8221; button_text=&#8221;Organizza una visita&#8221; button_alignment=&#8221;center&#8221; _builder_version=&#8221;4.18.0&#8243; _dynamic_attributes=&#8221;button_url&#8221; _module_preset=&#8221;default&#8221; custom_button=&#8221;on&#8221; button_text_color=&#8221;#FFFFFF&#8221; button_bg_color=&#8221;#0C71C3&#8243; global_colors_info=&#8221;{}&#8221;][\/et_pb_button][\/et_pb_column][et_pb_column type=&#8221;1_3&#8243; _builder_version=&#8221;4.18.0&#8243; _module_preset=&#8221;default&#8221; global_colors_info=&#8221;{}&#8221;][et_pb_image src=&#8221;https:\/\/cadia.it\/vini\/wp-content\/uploads\/2017\/04\/Prato-fiorito.jpg&#8221; title_text=&#8221;Prato-fiorito&#8221; _builder_version=&#8221;4.18.0&#8243; _module_preset=&#8221;default&#8221; border_width_all=&#8221;1px&#8221; border_color_all=&#8221;#bababa&#8221; global_colors_info=&#8221;{}&#8221;][\/et_pb_image][et_pb_text admin_label=&#8221;Text&#8221; _builder_version=&#8221;4.18.0&#8243; header_font=&#8221;Dancing Script||||||||&#8221; header_2_font=&#8221;Italiana||||||||&#8221; header_2_text_align=&#8221;right&#8221; header_2_font_size=&#8221;48px&#8221; header_2_letter_spacing=&#8221;2px&#8221; header_2_line_height=&#8221;1.2em&#8221; header_3_font=&#8221;|300|||||||&#8221; header_3_text_align=&#8221;right&#8221; header_3_line_height=&#8221;1.6em&#8221; background_size=&#8221;initial&#8221; background_position=&#8221;top_left&#8221; background_repeat=&#8221;repeat&#8221; text_orientation=&#8221;center&#8221; module_alignment=&#8221;right&#8221; custom_margin=&#8221;||||false|false&#8221; locked=&#8221;off&#8221; global_colors_info=&#8221;{}&#8221;]<\/p>\n<h2 style=\"text-align: center;\"><strong>Il territorio<br \/><\/strong><\/h2>\n<h3><\/h3>\n<h3><\/h3>\n<h3 style=\"text-align: center;\">Le Langhe, un territorio talmente ricco di tesori da essere parte del patrimonio mondiale dell\u2019Unesco<\/p>\n<\/h3>\n<p>[\/et_pb_text][et_pb_button button_url=&#8221;@ET-DC@eyJkeW5hbWljIjp0cnVlLCJjb250ZW50IjoicG9zdF9saW5rX3VybF9wYWdlIiwic2V0dGluZ3MiOnsicG9zdF9pZCI6IjE1NzA0In19@&#8221; button_text=&#8221;Scopri il territorio&#8221; button_alignment=&#8221;center&#8221; _builder_version=&#8221;4.18.0&#8243; _dynamic_attributes=&#8221;button_url&#8221; _module_preset=&#8221;default&#8221; custom_button=&#8221;on&#8221; button_text_color=&#8221;#FFFFFF&#8221; button_bg_color=&#8221;#0C71C3&#8243; global_colors_info=&#8221;{}&#8221;][\/et_pb_button][\/et_pb_column][\/et_pb_row][\/et_pb_section][et_pb_section fb_built=&#8221;1&#8243; _builder_version=&#8221;4.20.2&#8243; _module_preset=&#8221;default&#8221; custom_padding=&#8221;1px||0px|||&#8221; border_width_top=&#8221;4px&#8221; border_color_top=&#8221;#0C71C3&#8243; global_colors_info=&#8221;{}&#8221;][et_pb_row _builder_version=&#8221;4.20.2&#8243; _module_preset=&#8221;default&#8221; width=&#8221;90%&#8221; max_width=&#8221;90%&#8221; global_colors_info=&#8221;{}&#8221;][et_pb_column type=&#8221;4_4&#8243; _builder_version=&#8221;4.20.2&#8243; _module_preset=&#8221;default&#8221; global_colors_info=&#8221;{}&#8221;][et_pb_image src=&#8221;https:\/\/cadia.it\/vini\/wp-content\/uploads\/2024\/04\/Banner-per-sito-web.jpg&#8221; title_text=&#8221;Banner-per-sito-web&#8221; _builder_version=&#8221;4.20.2&#8243; _module_preset=&#8221;default&#8221; width=&#8221;59%&#8221; module_alignment=&#8221;center&#8221; global_colors_info=&#8221;{}&#8221;][\/et_pb_image][\/et_pb_column][\/et_pb_row][\/et_pb_section][et_pb_section fb_built=&#8221;1&#8243; fullwidth=&#8221;on&#8221; _builder_version=&#8221;4.18.0&#8243; _module_preset=&#8221;default&#8221; background_color=&#8221;rgba(0,0,0,0.22)&#8221; background_image=&#8221;https:\/\/cadia.it\/vini\/wp-content\/uploads\/2017\/04\/Vigna-rossa.jpg&#8221; background_blend=&#8221;multiply&#8221; custom_padding=&#8221;300px||91px||false|false&#8221; global_colors_info=&#8221;{}&#8221;][\/et_pb_section]<\/p>\n","protected":false},"excerpt":{"rendered":"<p> Una cantina dove si respira tutta la passione di famiglia. La collina \u201cCadia\u201d, dalla quale l\u2019azienda prende il nome, \u00e8 situata sul dorsale sud-est, un ottima posizione per la produzione di vini di grande qualit\u00e0.I nostri vini Ogni fase produttiva, in vigna e in cantina, gioca un ruolo fondamentale, ecco perch\u00e9 il vino [&hellip;]<\/p>\n","protected":false},"author":3,"featured_media":0,"parent":0,"menu_order":1,"comment_status":"closed","ping_status":"closed","template":"","meta":{"_et_pb_use_builder":"on","_et_pb_old_content":"[wonderplugin_carousel id=\"1\"]","_et_gb_content_width":"","footnotes":""},"class_list":["post-100","page","type-page","status-publish","hentry"],"yoast_head":"<!-- This site is optimized with the Yoast SEO plugin v27.4 - https:\/\/yoast.com\/product\/yoast-seo-wordpress\/ -->\n<title>Cadia Vini<\/title>\n<meta name=\"description\" content=\"Produzione propria di Vini delle Langhe\" \/>\n<meta name=\"robots\" content=\"index, follow, max-snippet:-1, max-image-preview:large, max-video-preview:-1\" \/>\n<link rel=\"canonical\" href=\"https:\/\/cadia.it\/vini\/\" \/>\n<meta property=\"og:locale\" content=\"it_IT\" \/>\n<meta property=\"og:type\" content=\"article\" \/>\n<meta property=\"og:title\" content=\"Cadia Vini\" \/>\n<meta property=\"og:description\" content=\"Produzione propria di Vini delle Langhe\" \/>\n<meta property=\"og:url\" content=\"https:\/\/cadia.it\/vini\/\" \/>\n<meta property=\"og:site_name\" content=\"Cadia Vini\" \/>\n<meta property=\"article:modified_time\" content=\"2026-02-06T14:35:42+00:00\" \/>\n<meta name=\"twitter:label1\" content=\"Tempo di lettura stimato\" \/>\n\t<meta name=\"twitter:data1\" content=\"3 minuti\" \/>\n<script type=\"application\/ld+json\" class=\"yoast-schema-graph\">{\"@context\":\"https:\\\/\\\/schema.org\",\"@graph\":[{\"@type\":\"WebPage\",\"@id\":\"https:\\\/\\\/cadia.it\\\/vini\\\/\",\"url\":\"https:\\\/\\\/cadia.it\\\/vini\\\/\",\"name\":\"Cadia Vini\",\"isPartOf\":{\"@id\":\"https:\\\/\\\/cadia.it\\\/vini\\\/#website\"},\"datePublished\":\"2013-11-14T14:14:58+00:00\",\"dateModified\":\"2026-02-06T14:35:42+00:00\",\"description\":\"Produzione propria di Vini delle Langhe\",\"breadcrumb\":{\"@id\":\"https:\\\/\\\/cadia.it\\\/vini\\\/#breadcrumb\"},\"inLanguage\":\"it-IT\",\"potentialAction\":[{\"@type\":\"ReadAction\",\"target\":[\"https:\\\/\\\/cadia.it\\\/vini\\\/\"]}]},{\"@type\":\"BreadcrumbList\",\"@id\":\"https:\\\/\\\/cadia.it\\\/vini\\\/#breadcrumb\",\"itemListElement\":[{\"@type\":\"ListItem\",\"position\":1,\"name\":\"Home\",\"item\":\"https:\\\/\\\/cadia.it\\\/vini\\\/\"},{\"@type\":\"ListItem\",\"position\":2,\"name\":\"Home\"}]},{\"@type\":\"WebSite\",\"@id\":\"https:\\\/\\\/cadia.it\\\/vini\\\/#website\",\"url\":\"https:\\\/\\\/cadia.it\\\/vini\\\/\",\"name\":\"Cadia Vini\",\"description\":\"Produzione Vini Roddi\",\"potentialAction\":[{\"@type\":\"SearchAction\",\"target\":{\"@type\":\"EntryPoint\",\"urlTemplate\":\"https:\\\/\\\/cadia.it\\\/vini\\\/?s={search_term_string}\"},\"query-input\":{\"@type\":\"PropertyValueSpecification\",\"valueRequired\":true,\"valueName\":\"search_term_string\"}}],\"inLanguage\":\"it-IT\"}]}<\/script>\n<!-- \/ Yoast SEO plugin. -->","yoast_head_json":{"title":"Cadia Vini","description":"Produzione propria di Vini delle Langhe","robots":{"index":"index","follow":"follow","max-snippet":"max-snippet:-1","max-image-preview":"max-image-preview:large","max-video-preview":"max-video-preview:-1"},"canonical":"https:\/\/cadia.it\/vini\/","og_locale":"it_IT","og_type":"article","og_title":"Cadia Vini","og_description":"Produzione propria di Vini delle Langhe","og_url":"https:\/\/cadia.it\/vini\/","og_site_name":"Cadia Vini","article_modified_time":"2026-02-06T14:35:42+00:00","twitter_misc":{"Tempo di lettura stimato":"3 minuti"},"schema":{"@context":"https:\/\/schema.org","@graph":[{"@type":"WebPage","@id":"https:\/\/cadia.it\/vini\/","url":"https:\/\/cadia.it\/vini\/","name":"Cadia Vini","isPartOf":{"@id":"https:\/\/cadia.it\/vini\/#website"},"datePublished":"2013-11-14T14:14:58+00:00","dateModified":"2026-02-06T14:35:42+00:00","description":"Produzione propria di Vini delle Langhe","breadcrumb":{"@id":"https:\/\/cadia.it\/vini\/#breadcrumb"},"inLanguage":"it-IT","potentialAction":[{"@type":"ReadAction","target":["https:\/\/cadia.it\/vini\/"]}]},{"@type":"BreadcrumbList","@id":"https:\/\/cadia.it\/vini\/#breadcrumb","itemListElement":[{"@type":"ListItem","position":1,"name":"Home","item":"https:\/\/cadia.it\/vini\/"},{"@type":"ListItem","position":2,"name":"Home"}]},{"@type":"WebSite","@id":"https:\/\/cadia.it\/vini\/#website","url":"https:\/\/cadia.it\/vini\/","name":"Cadia Vini","description":"Produzione Vini Roddi","potentialAction":[{"@type":"SearchAction","target":{"@type":"EntryPoint","urlTemplate":"https:\/\/cadia.it\/vini\/?s={search_term_string}"},"query-input":{"@type":"PropertyValueSpecification","valueRequired":true,"valueName":"search_term_string"}}],"inLanguage":"it-IT"}]}},"_links":{"self":[{"href":"https:\/\/cadia.it\/vini\/wp-json\/wp\/v2\/pages\/100","targetHints":{"allow":["GET"]}}],"collection":[{"href":"https:\/\/cadia.it\/vini\/wp-json\/wp\/v2\/pages"}],"about":[{"href":"https:\/\/cadia.it\/vini\/wp-json\/wp\/v2\/types\/page"}],"author":[{"embeddable":true,"href":"https:\/\/cadia.it\/vini\/wp-json\/wp\/v2\/users\/3"}],"replies":[{"embeddable":true,"href":"https:\/\/cadia.it\/vini\/wp-json\/wp\/v2\/comments?post=100"}],"version-history":[{"count":95,"href":"https:\/\/cadia.it\/vini\/wp-json\/wp\/v2\/pages\/100\/revisions"}],"predecessor-version":[{"id":17162,"href":"https:\/\/cadia.it\/vini\/wp-json\/wp\/v2\/pages\/100\/revisions\/17162"}],"wp:attachment":[{"href":"https:\/\/cadia.it\/vini\/wp-json\/wp\/v2\/media?parent=100"}],"curies":[{"name":"wp","href":"https:\/\/api.w.org\/{rel}","templated":true}]}}